{"id":515,"date":"2012-03-20T18:26:52","date_gmt":"2012-03-20T18:26:52","guid":{"rendered":"https:\/\/gizheela.de\/web\/?page_id=515"},"modified":"2023-01-30T21:03:11","modified_gmt":"2023-01-30T21:03:11","slug":"dates","status":"publish","type":"page","link":"https:\/\/gizheela.de\/web\/dates\/","title":{"rendered":"Dates"},"content":{"rendered":"<p>No upcoming concerts.<\/p>\n<p>Past Concerts<\/p>\n<ul>\n<li>September 11th 2021, Karlsruhe, Eckkulturd\u00f6rfle - in the courtyard or BBK K\u00fcnstlerhaus, feat. Horst Kr\u00f6g (Percussion)<\/li>\n<li>November 4th 2018, Pfaffenrot, Carl-Benz-Halle, 2 p.m.<\/li>\n<li>June 23rd 2018, <span class=\"description\"><span class=\"gigpress-info-item\">Karlsruhe Eckkulturd\u00f6rfle Hoffest BBK 14 -18 Uhr. feat. Horst Kr\u00f6g (Percussion)<\/span><\/span><\/li>\n<li>Juliy 7th and 8th 2017, Straubenhardt, Happiness Festival. In the Tipi of Waveney Wilcox, with Visuals Art by <a href=\"http:\/\/www.jean-gilbert.com\" target=\"_blank\" rel=\"noopener noreferrer\">Jean-Gilbert<\/a> and many guest musicians<\/li>\n<li>November 5th + 6th 2016, Pfaffenrot, Carl-Benz-Halle<\/li>\n<li>October 9th 2016, Straubenhardt Schwarzwald Party<\/li>\n<li>October 25th 2015, Solingen, Finissage of <a href=\"http:\/\/www.jean-gilbert.com\" target=\"_blank\" rel=\"noopener noreferrer\">Jean-Gilbert<\/a>'s Exhibition, city-art-2 Gallery<\/li>\n<li>October 9th 2015 Solingen, Vernissage of <a href=\"http:\/\/www.jean-gilbert.com\" target=\"_blank\" rel=\"noopener noreferrer\">Jean-Gilbert<\/a>'s Exhibition, city-art-2 Gallery, M\u00fchlenplatz 1, Solingen, Clemens Galleries 1st floor.<\/li>\n<li>August 26th 2015 Karlsruhe, \"Water\" K\u00fcnstlernetzwerk-SW e.V.<\/li>\n<li>August 1st 2015, Eggerszell Bavaria, <a href=\"http:\/\/www.waldwelt-festival.de\/\" target=\"_blank\" rel=\"noopener noreferrer\">WaldWelt Festival<\/a><\/li>\n<li>February 25th 2015 \u201cFantasia\u201d K\u00fcnstlernetzwerk-SW e.V.<\/li>\n<li>December 27th 2014, Marxzell, TSV Club Pfaffenroth<\/li>\n<li>March 26th 2014, Karlsruhe, \"Krimizeit II\", K\u00fcnstlernetzwerk-SW e.V.<\/li>\n<li>December 18th 2013, Karlsruhe, \"Heiter im Winter\", K\u00fcnstlernetzwerk-SW e.V.<\/li>\n<li>November 30th 2013, Karlsruhe, B\u00fccherschau, Regierungspr\u00e4sidium, 8 p.m. <a title=\"November 30th 2013, Karlsruhe Buecherschau, Literatur und Klanglandschaften\" href=\"https:\/\/gizheela.de\/web\/blog\/november-30th-2013-karlsruhe-buecherschau-literatur-und-klanglandschaften\/\">Details<\/a><\/li>\n<li>October 27nd 2013, Cologne, <a href=\"http:\/\/www.lied-united.de\" target=\"_blank\" rel=\"noopener noreferrer\">Lied United<\/a>, Blue Shell<\/li>\n<li>August 3rd -4th 2013, Eggerszell Bavaria, WaldWelt Festival<\/li>\n<li>August 2nd 2013, Karlsruhe,\u00a0 \"Musik und Zauberei im Wald\", <a title=\"August 2nd 2013, Karlsruhe, Musik und Zauberei im Wald \u2013 Concert Announcement\" href=\"https:\/\/gizheela.de\/web\/blog\/august-2nd-2013-karlsruhe-musik-und-zauberei-im-wald-concert-announcement\/\" target=\"_blank\" rel=\"noopener noreferrer\">Details<\/a><\/li>\n<li>June 22nd 2013 Cologne, Ambient Loop Festival, St. Gertrud Church, <a title=\"Ambient Loop Festival June 22nd 2013 Cologne \u2013 Concert Announcement\" href=\"https:\/\/gizheela.de\/web\/blog\/ambient-loop-festival-2013-cologne\/\">Details<\/a><\/li>\n<li>May 29th 2013, Karlsruhe, \"Liebe in Bild und Wort\", K\u00fcnstlernetzwerk-SW e.V.<\/li>\n<li>May 25th 2013, Spiritainment Festival, Yoga\/Ayurveda Festival, Gut Haarbecke, 58566 Kierspe-R\u00f6nsahl<\/li>\n<li>December 1st 2012, Gaggenau, Flammoraunt<\/li>\n<li>November 17th 2012, Cologne, Friedensfest, Kulturbunker M\u00fclheim www.friedensarten.de<\/li>\n<li>November 3rd 2012, Cologne, Museumsnacht, Kunstwerk Atelier \u00d6 <a title=\"Concert: November 3rd 2012, Cologne, Lange Nacht der Museen\" href=\"https:\/\/gizheela.de\/web\/blog\/concert-november-3rd-2012-cologne-lange-nacht-der-museen\/\">details<\/a><\/li>\n<li>September 14th 2012, Bilfingen, Herberts Sonne, special guests: Horst Kr\u00f6g (cajon), Abdallah Byaah (dabouka, bendir)21h, 6\u20ac, <a title=\"Concert with visuals, Gizheela \u2018n Friends, Sept 14th 2012, Bilfingen, Herberts Sonne\" href=\"https:\/\/gizheela.de\/web\/blog\/concert-with-visuals-gizheela-n-friends-sept-14th-2012-bilfingen-herberts-sonne\/\">details<\/a><\/li>\n<li>August 4th 2012, Eggerszell (Bavaria), <a href=\"http:\/\/www.waldwelt-festival.de\/\" target=\"_blank\" rel=\"noopener noreferrer\">Waldwelt Festival<\/a> Open Air<\/li>\n<li>Cologne, June 23rd 2012, St. Gertrud Kirche, Live Looping Festival <a title=\"June 23rd, Cologne, Concert Announcement\" href=\"https:\/\/gizheela.de\/web\/blog\/june-23rd-cologne-concert-announcement\/\">Details<\/a> | <a title=\"Concert Video of Loop Festival Cologne, June 23rd 2012, St. Gertrud Church\" href=\"https:\/\/gizheela.de\/web\/blog\/concert-video-of-loop-festival-cologne-june-23rd-2012-st-gertrud-church\/\">Videos<\/a><\/li>\n<li>April 16th, Karlsruhe 2012, Hanne-Landgraf-Haus, <a title=\"April 16th 2012, Concert in Karlsruhe\" href=\"https:\/\/gizheela.de\/web\/blog\/april-16th-2012-concert-in-karlsruhe\/\">Details<\/a><\/li>\n<li>Open Air April 14\/15th 2012 cancelled, sorry!<\/li>\n<\/ul>\n<p>&nbsp;<\/p>\n","protected":false},"excerpt":{"rendered":"<p>No upcoming concerts. Past Concerts September 11th 2021, Karlsruhe, Eckkulturd\u00f6rfle - in the courtyard or BBK K\u00fcnstlerhaus, feat. Horst Kr\u00f6g (Percussion) November 4th 2018, Pfaffenrot, Carl-Benz-Halle, 2 p.m. June 23rd 2018, Karlsruhe Eckkulturd\u00f6rfle Hoffest BBK 14 -18 Uhr. feat. Horst Kr\u00f6g (Percussion) Juliy 7th and 8th 2017, Straubenhardt, Happiness Festival. In the Tipi of Waveney [&hellip;]<\/p>\n","protected":false},"author":2,"featured_media":0,"parent":0,"menu_order":0,"comment_status":"closed","ping_status":"closed","template":"onecolumn-page.php","meta":{"footnotes":""},"aioseo_notices":[],"_links":{"self":[{"href":"https:\/\/gizheela.de\/web\/wp-json\/wp\/v2\/pages\/515"}],"collection":[{"href":"https:\/\/gizheela.de\/web\/wp-json\/wp\/v2\/pages"}],"about":[{"href":"https:\/\/gizheela.de\/web\/wp-json\/wp\/v2\/types\/page"}],"author":[{"embeddable":true,"href":"https:\/\/gizheela.de\/web\/wp-json\/wp\/v2\/users\/2"}],"replies":[{"embeddable":true,"href":"https:\/\/gizheela.de\/web\/wp-json\/wp\/v2\/comments?post=515"}],"version-history":[{"count":68,"href":"https:\/\/gizheela.de\/web\/wp-json\/wp\/v2\/pages\/515\/revisions"}],"predecessor-version":[{"id":1110,"href":"https:\/\/gizheela.de\/web\/wp-json\/wp\/v2\/pages\/515\/revisions\/1110"}],"wp:attachment":[{"href":"https:\/\/gizheela.de\/web\/wp-json\/wp\/v2\/media?parent=515"}],"curies":[{"name":"wp","href":"https:\/\/api.w.org\/{rel}","templated":true}]}}