{"id":1081,"date":"2010-11-29T02:53:44","date_gmt":"2010-11-29T02:53:44","guid":{"rendered":"https:\/\/gizheela.de\/web\/?page_id=1081"},"modified":"2023-02-03T11:03:26","modified_gmt":"2023-02-03T11:03:26","slug":"start","status":"publish","type":"page","link":"https:\/\/gizheela.de\/web\/start\/?lang=de","title":{"rendered":"Start"},"content":{"rendered":"<h2><em>Musik \u2013 Einklang \u2013 Harmonie - Transzendenz<\/em><\/h2>\n<p>Mit improvisierten sph\u00e4rischen Loops und\u00a0 Kl\u00e4ngen von suggestiver Kraft und Leichtigkeit laden Gizheela ein zum Schweben in einem magisch meditativen Raum, wie man es sonst nur von spiritueller und ritueller Musik kennt.<\/p>\n<p>Gizheelas Musik in Verbindung mit abstrakter Licht- und Farb-Bildnerei ist geeignet f\u00fcr alle Kulturveranstaltungsorte, insbesondere Kirchen-, B\u00e4der- und Museumsr\u00e4ume, in Galerien und gerne \"en plein air\".<\/p>\n<div class=\"embed-privacy-container is-disabled embed-youtube\" data-embed-id=\"oembed_786db5946478b575008cc1f0e85ff842\" data-embed-provider=\"youtube\" style=\"background-image: url(https:\/\/gizheela.de\/web\/wp-content\/uploads\/embed-privacy\/thumbnails\/youtube-QqgSUMp085o-maxresdefault.jpg);\">\t\t\t\t\t\t<button class=\"embed-privacy-enable screen-reader-text\">Display content from YouTube<\/button>\t\t\t\t\t\t\n<div class=\"embed-privacy-overlay\">\n<div class=\"embed-privacy-inner\">\n<div class=\"embed-privacy-logo\"><\/div>\n<p>\t\tBei Klick wird Inhalt von Youtube geladen, dabei werden auch Daten zu Youtube \u00fcbertragen.\t\t\t\t\t\t<br>\t\t\t\t\t\tLearn more in YouTube\u2019s <a href=\"https:\/\/policies.google.com\/privacy?hl=en\" target=\"_blank\">privacy policy<\/a>.\t\t<\/p>\n<p class=\"embed-privacy-input-wrapper\">\t\t\t\t<input id=\"embed-privacy-store-youtube-786db5946478b575008cc1f0e85ff842\" type=\"checkbox\" value=\"1\" class=\"embed-privacy-input\" data-embed-provider=\"youtube\">\t\t\t\t<label for=\"embed-privacy-store-youtube-786db5946478b575008cc1f0e85ff842\" class=\"embed-privacy-label\" data-embed-provider=\"youtube\">\t\t\t\t\tAlways display content from YouTube\t\t\t\t<\/label>\t\t\t<\/p>\n<\/div>\n<div class=\"embed-privacy-footer\"><\/div>\n<\/div>\n<div class=\"embed-privacy-content\">\t\t\t\t<script>var _oembed_786db5946478b575008cc1f0e85ff842 = '{\\\"embed\\\":\\\"&lt;iframe title=&quot;Gizheela - Loop Festival St. Gertrud Church - Cologne - Part 1&quot; width=&quot;500&quot; height=&quot;281&quot; src=&quot;https:\\\\\/\\\\\/www.youtube-nocookie.com\\\\\/embed\\\\\/QqgSUMp085o?feature=oembed&quot; frameborder=&quot;0&quot; allow=&quot;accelerometer; autoplay; clipboard-write; encrypted-media; gyroscope; picture-in-picture; web-share&quot; allowfullscreen&gt;&lt;\\\\\/iframe&gt;\\\"}';<\/script>\t\t\t<\/div>\n<style>\t\t\t\t[data-embed-id=\"oembed_786db5946478b575008cc1f0e85ff842\"] {\t\t\t\t\t\t\taspect-ratio: 500\/281;\t\t\t\t\t\t}.embed-youtube .embed-privacy-logo {\t\t\t\t\t\t\tbackground-image: url(https:\/\/gizheela.de\/web\/wp-content\/plugins\/embed-privacy\/assets\/images\/embed-youtube.png?v=1.8.1);\t\t\t\t\t\t}\t\t\t<\/style>\n<\/div>\n<div class=\"embed-privacy-container is-disabled embed-youtube\" data-embed-id=\"oembed_d74a8b62541f9be59cdaf8ef99e4e672\" data-embed-provider=\"youtube\" style=\"background-image: url(https:\/\/gizheela.de\/web\/wp-content\/uploads\/embed-privacy\/thumbnails\/youtube-lhN06RxEpg8-maxresdefault.jpg);\">\t\t\t\t\t\t<button class=\"embed-privacy-enable screen-reader-text\">Display content from YouTube<\/button>\t\t\t\t\t\t\n<div class=\"embed-privacy-overlay\">\n<div class=\"embed-privacy-inner\">\n<div class=\"embed-privacy-logo\"><\/div>\n<p>\t\tBei Klick wird Inhalt von Youtube geladen, dabei werden auch Daten zu Youtube \u00fcbertragen.\t\t\t\t\t\t<br>\t\t\t\t\t\tLearn more in YouTube\u2019s <a href=\"https:\/\/policies.google.com\/privacy?hl=en\" target=\"_blank\">privacy policy<\/a>.\t\t<\/p>\n<p class=\"embed-privacy-input-wrapper\">\t\t\t\t<input id=\"embed-privacy-store-youtube-d74a8b62541f9be59cdaf8ef99e4e672\" type=\"checkbox\" value=\"1\" class=\"embed-privacy-input\" data-embed-provider=\"youtube\">\t\t\t\t<label for=\"embed-privacy-store-youtube-d74a8b62541f9be59cdaf8ef99e4e672\" class=\"embed-privacy-label\" data-embed-provider=\"youtube\">\t\t\t\t\tAlways display content from YouTube\t\t\t\t<\/label>\t\t\t<\/p>\n<\/div>\n<div class=\"embed-privacy-footer\"><\/div>\n<\/div>\n<div class=\"embed-privacy-content\">\t\t\t\t<script>var _oembed_d74a8b62541f9be59cdaf8ef99e4e672 = '{\\\"embed\\\":\\\"&lt;iframe title=&quot;Gizheela - Loop Festival St. Gertrud Church - Cologne - Part 2&quot; width=&quot;500&quot; height=&quot;281&quot; src=&quot;https:\\\\\/\\\\\/www.youtube-nocookie.com\\\\\/embed\\\\\/lhN06RxEpg8?feature=oembed&quot; frameborder=&quot;0&quot; allow=&quot;accelerometer; autoplay; clipboard-write; encrypted-media; gyroscope; picture-in-picture; web-share&quot; allowfullscreen&gt;&lt;\\\\\/iframe&gt;\\\"}';<\/script>\t\t\t<\/div>\n<style>\t\t\t\t[data-embed-id=\"oembed_d74a8b62541f9be59cdaf8ef99e4e672\"] {\t\t\t\t\t\t\taspect-ratio: 500\/281;\t\t\t\t\t\t}.embed-youtube .embed-privacy-logo {\t\t\t\t\t\t\tbackground-image: url(https:\/\/gizheela.de\/web\/wp-content\/plugins\/embed-privacy\/assets\/images\/embed-youtube.png?v=1.8.1);\t\t\t\t\t\t}\t\t\t<\/style>\n<\/div>\n<p><strong>Gizheela feat. Bhadra - einige Ausschnitte einer Live Session, January 2013<\/strong><\/p>\n<p><div class=\"embed-privacy-container is-disabled embed-soundcloud\" data-embed-id=\"oembed_648869cccaff8d33632e3a1a2af0abf8\" data-embed-provider=\"soundcloud\">\t\t\t\t\t\t<button class=\"embed-privacy-enable screen-reader-text\">Display content from SoundCloud<\/button>\t\t\t\t\t\t<div class=\"embed-privacy-overlay\">\t\t\t\t<div class=\"embed-privacy-inner\">\t\t\t\t\t<div class=\"embed-privacy-logo\"><\/div>\t\t<p>\t\tClick here to display content from SoundCloud.\t\t\t\t\t\t<br>\t\t\t\t\t\tLearn more in SoundCloud\u2019s <a href=\"https:\/\/soundcloud.com\/pages\/privacy\" target=\"_blank\">privacy policy<\/a>.\t\t<\/p>\t\t\t\t\t<p class=\"embed-privacy-input-wrapper\">\t\t\t\t<input id=\"embed-privacy-store-soundcloud-648869cccaff8d33632e3a1a2af0abf8\" type=\"checkbox\" value=\"1\" class=\"embed-privacy-input\" data-embed-provider=\"soundcloud\">\t\t\t\t<label for=\"embed-privacy-store-soundcloud-648869cccaff8d33632e3a1a2af0abf8\" class=\"embed-privacy-label\" data-embed-provider=\"soundcloud\">\t\t\t\t\tAlways display content from SoundCloud\t\t\t\t<\/label>\t\t\t<\/p>\t\t\t\t\t\t\t<\/div>\t\t\t\t\t\t\t\t<div class=\"embed-privacy-footer\"><\/div>\t\t\t<\/div>\t\t\t\t\t\t<div class=\"embed-privacy-content\">\t\t\t\t<script>var _oembed_648869cccaff8d33632e3a1a2af0abf8 = '{\\\"embed\\\":\\\"&lt;iframe src=&quot;https:\\\\\/\\\\\/w.soundcloud.com\\\\\/player\\\\\/?url=http:\/\/api.soundcloud.com\/playlists\/3351308&amp;amp;color=ffaa00&amp;amp;auto_play=false&amp;amp;show_artwork=false&quot; width=&quot;580&quot; height=&quot;350&quot; frameborder=&quot;no&quot; scrolling=&quot;no&quot; data-mce-fragment=&quot;1&quot;&gt;&lt;\\\\\/iframe&gt;\\\"}';<\/script>\t\t\t<\/div>\t\t\t\t\t\t<style>\t\t\t\t[data-embed-id=\"oembed_648869cccaff8d33632e3a1a2af0abf8\"] {\t\t\t\t\t\t\taspect-ratio: 580\/350;\t\t\t\t\t\t}.embed-soundcloud .embed-privacy-logo {\t\t\t\t\t\t\tbackground-image: url(https:\/\/gizheela.de\/web\/wp-content\/plugins\/embed-privacy\/assets\/images\/embed-soundcloud.png?v=1.8.1);\t\t\t\t\t\t}\t\t\t<\/style>\t\t<\/div><\/p>\n<p><strong>Einige Ausschnitte unseres Konzerts in Bilfingen, September 2012<\/strong><\/p>\n<p><div class=\"embed-privacy-container is-disabled embed-soundcloud\" data-embed-id=\"oembed_81227a28f287b1e606839045349de48c\" data-embed-provider=\"soundcloud\">\t\t\t\t\t\t<button class=\"embed-privacy-enable screen-reader-text\">Display content from SoundCloud<\/button>\t\t\t\t\t\t<div class=\"embed-privacy-overlay\">\t\t\t\t<div class=\"embed-privacy-inner\">\t\t\t\t\t<div class=\"embed-privacy-logo\"><\/div>\t\t<p>\t\tClick here to display content from SoundCloud.\t\t\t\t\t\t<br>\t\t\t\t\t\tLearn more in SoundCloud\u2019s <a href=\"https:\/\/soundcloud.com\/pages\/privacy\" target=\"_blank\">privacy policy<\/a>.\t\t<\/p>\t\t\t\t\t<p class=\"embed-privacy-input-wrapper\">\t\t\t\t<input id=\"embed-privacy-store-soundcloud-81227a28f287b1e606839045349de48c\" type=\"checkbox\" value=\"1\" class=\"embed-privacy-input\" data-embed-provider=\"soundcloud\">\t\t\t\t<label for=\"embed-privacy-store-soundcloud-81227a28f287b1e606839045349de48c\" class=\"embed-privacy-label\" data-embed-provider=\"soundcloud\">\t\t\t\t\tAlways display content from SoundCloud\t\t\t\t<\/label>\t\t\t<\/p>\t\t\t\t\t\t\t<\/div>\t\t\t\t\t\t\t\t<div class=\"embed-privacy-footer\"><\/div>\t\t\t<\/div>\t\t\t\t\t\t<div class=\"embed-privacy-content\">\t\t\t\t<script>var _oembed_81227a28f287b1e606839045349de48c = '{\\\"embed\\\":\\\"&lt;iframe src=&quot;https:\\\\\/\\\\\/w.soundcloud.com\\\\\/player\\\\\/?url=https:\\\\\/\\\\\/api.soundcloud.com\\\\\/tracks\\\\\/63140576&amp;amp;color=#ff5500&amp;amp;auto_play=false&amp;amp;hide_related=false&amp;amp;show_comments=true&amp;amp;show_user=true&amp;amp;show_reposts=false&amp;amp;show_teaser=true&amp;amp;visual=true&quot; width=&quot;500&quot; height=&quot;150&quot; frameborder=&quot;no&quot; scrolling=&quot;no&quot; data-mce-fragment=&quot;1&quot;&gt;&lt;span data-mce-type=&quot;bookmark&quot; class=&quot;mce_SELRES_start&quot;&gt;\\\\ufeff&lt;\\\\\/span&gt;&lt;\\\\\/iframe&gt;\\\"}';<\/script>\t\t\t<\/div>\t\t\t\t\t\t<style>\t\t\t\t[data-embed-id=\"oembed_81227a28f287b1e606839045349de48c\"] {\t\t\t\t\t\t\taspect-ratio: 500\/150;\t\t\t\t\t\t}.embed-soundcloud .embed-privacy-logo {\t\t\t\t\t\t\tbackground-image: url(https:\/\/gizheela.de\/web\/wp-content\/plugins\/embed-privacy\/assets\/images\/embed-soundcloud.png?v=1.8.1);\t\t\t\t\t\t}\t\t\t<\/style>\t\t<\/div><\/p>\n<p><div class=\"embed-privacy-container is-disabled embed-soundcloud\" data-embed-id=\"oembed_7dc76f08181d2e528d009786247f8839\" data-embed-provider=\"soundcloud\">\t\t\t\t\t\t<button class=\"embed-privacy-enable screen-reader-text\">Display content from SoundCloud<\/button>\t\t\t\t\t\t<div class=\"embed-privacy-overlay\">\t\t\t\t<div class=\"embed-privacy-inner\">\t\t\t\t\t<div class=\"embed-privacy-logo\"><\/div>\t\t<p>\t\tClick here to display content from SoundCloud.\t\t\t\t\t\t<br>\t\t\t\t\t\tLearn more in SoundCloud\u2019s <a href=\"https:\/\/soundcloud.com\/pages\/privacy\" target=\"_blank\">privacy policy<\/a>.\t\t<\/p>\t\t\t\t\t<p class=\"embed-privacy-input-wrapper\">\t\t\t\t<input id=\"embed-privacy-store-soundcloud-7dc76f08181d2e528d009786247f8839\" type=\"checkbox\" value=\"1\" class=\"embed-privacy-input\" data-embed-provider=\"soundcloud\">\t\t\t\t<label for=\"embed-privacy-store-soundcloud-7dc76f08181d2e528d009786247f8839\" class=\"embed-privacy-label\" data-embed-provider=\"soundcloud\">\t\t\t\t\tAlways display content from SoundCloud\t\t\t\t<\/label>\t\t\t<\/p>\t\t\t\t\t\t\t<\/div>\t\t\t\t\t\t\t\t<div class=\"embed-privacy-footer\"><\/div>\t\t\t<\/div>\t\t\t\t\t\t<div class=\"embed-privacy-content\">\t\t\t\t<script>var _oembed_7dc76f08181d2e528d009786247f8839 = '{\\\"embed\\\":\\\"&lt;iframe src=&quot;https:\\\\\/\\\\\/w.soundcloud.com\\\\\/player\\\\\/?url=https:\\\\\/\\\\\/api.soundcloud.com\\\\\/tracks\\\\\/63140886&amp;amp;color=#ff5500&amp;amp;auto_play=false&amp;amp;hide_related=false&amp;amp;show_comments=true&amp;amp;show_user=true&amp;amp;show_reposts=false&amp;amp;show_teaser=true&amp;amp;visual=true&quot; width=&quot;500&quot; height=&quot;150&quot; frameborder=&quot;no&quot; scrolling=&quot;no&quot; data-mce-fragment=&quot;1&quot;&gt;&lt;\\\\\/iframe&gt;\\\"}';<\/script>\t\t\t<\/div>\t\t\t\t\t\t<style>\t\t\t\t[data-embed-id=\"oembed_7dc76f08181d2e528d009786247f8839\"] {\t\t\t\t\t\t\taspect-ratio: 500\/150;\t\t\t\t\t\t}.embed-soundcloud .embed-privacy-logo {\t\t\t\t\t\t\tbackground-image: url(https:\/\/gizheela.de\/web\/wp-content\/plugins\/embed-privacy\/assets\/images\/embed-soundcloud.png?v=1.8.1);\t\t\t\t\t\t}\t\t\t<\/style>\t\t<\/div><\/p>\n<p><div class=\"embed-privacy-container is-disabled embed-soundcloud\" data-embed-id=\"oembed_ac37b9f25ad8780b0fb2e4fe98d81ead\" data-embed-provider=\"soundcloud\">\t\t\t\t\t\t<button class=\"embed-privacy-enable screen-reader-text\">Display content from SoundCloud<\/button>\t\t\t\t\t\t<div class=\"embed-privacy-overlay\">\t\t\t\t<div class=\"embed-privacy-inner\">\t\t\t\t\t<div class=\"embed-privacy-logo\"><\/div>\t\t<p>\t\tClick here to display content from SoundCloud.\t\t\t\t\t\t<br>\t\t\t\t\t\tLearn more in SoundCloud\u2019s <a href=\"https:\/\/soundcloud.com\/pages\/privacy\" target=\"_blank\">privacy policy<\/a>.\t\t<\/p>\t\t\t\t\t<p class=\"embed-privacy-input-wrapper\">\t\t\t\t<input id=\"embed-privacy-store-soundcloud-ac37b9f25ad8780b0fb2e4fe98d81ead\" type=\"checkbox\" value=\"1\" class=\"embed-privacy-input\" data-embed-provider=\"soundcloud\">\t\t\t\t<label for=\"embed-privacy-store-soundcloud-ac37b9f25ad8780b0fb2e4fe98d81ead\" class=\"embed-privacy-label\" data-embed-provider=\"soundcloud\">\t\t\t\t\tAlways display content from SoundCloud\t\t\t\t<\/label>\t\t\t<\/p>\t\t\t\t\t\t\t<\/div>\t\t\t\t\t\t\t\t<div class=\"embed-privacy-footer\"><\/div>\t\t\t<\/div>\t\t\t\t\t\t<div class=\"embed-privacy-content\">\t\t\t\t<script>var _oembed_ac37b9f25ad8780b0fb2e4fe98d81ead = '{\\\"embed\\\":\\\"&lt;iframe src=&quot;https:\\\\\/\\\\\/w.soundcloud.com\\\\\/player\\\\\/?url=https:\\\\\/\\\\\/api.soundcloud.com\\\\\/tracks\\\\\/63141743&amp;amp;color=#ff5500&amp;amp;auto_play=false&amp;amp;hide_related=false&amp;amp;show_comments=true&amp;amp;show_user=true&amp;amp;show_reposts=false&amp;amp;show_teaser=true&amp;amp;visual=true&quot; width=&quot;500&quot; height=&quot;150&quot; frameborder=&quot;no&quot; scrolling=&quot;no&quot; data-mce-fragment=&quot;1&quot;&gt;&lt;\\\\\/iframe&gt;\\\"}';<\/script>\t\t\t<\/div>\t\t\t\t\t\t<style>\t\t\t\t[data-embed-id=\"oembed_ac37b9f25ad8780b0fb2e4fe98d81ead\"] {\t\t\t\t\t\t\taspect-ratio: 500\/150;\t\t\t\t\t\t}.embed-soundcloud .embed-privacy-logo {\t\t\t\t\t\t\tbackground-image: url(https:\/\/gizheela.de\/web\/wp-content\/plugins\/embed-privacy\/assets\/images\/embed-soundcloud.png?v=1.8.1);\t\t\t\t\t\t}\t\t\t<\/style>\t\t<\/div><\/p>\n<p><strong>Eindr\u00fccke aus unserem Konzert auf dem WaldWelt Festival August 2012:<\/strong><\/p>\n<p><div class=\"embed-privacy-container is-disabled embed-soundcloud\" data-embed-id=\"oembed_c3b1f5989d23cb1a3fb7c0750d1fb243\" data-embed-provider=\"soundcloud\">\t\t\t\t\t\t<button class=\"embed-privacy-enable screen-reader-text\">Display content from SoundCloud<\/button>\t\t\t\t\t\t<div class=\"embed-privacy-overlay\">\t\t\t\t<div class=\"embed-privacy-inner\">\t\t\t\t\t<div class=\"embed-privacy-logo\"><\/div>\t\t<p>\t\tClick here to display content from SoundCloud.\t\t\t\t\t\t<br>\t\t\t\t\t\tLearn more in SoundCloud\u2019s <a href=\"https:\/\/soundcloud.com\/pages\/privacy\" target=\"_blank\">privacy policy<\/a>.\t\t<\/p>\t\t\t\t\t<p class=\"embed-privacy-input-wrapper\">\t\t\t\t<input id=\"embed-privacy-store-soundcloud-c3b1f5989d23cb1a3fb7c0750d1fb243\" type=\"checkbox\" value=\"1\" class=\"embed-privacy-input\" data-embed-provider=\"soundcloud\">\t\t\t\t<label for=\"embed-privacy-store-soundcloud-c3b1f5989d23cb1a3fb7c0750d1fb243\" class=\"embed-privacy-label\" data-embed-provider=\"soundcloud\">\t\t\t\t\tAlways display content from SoundCloud\t\t\t\t<\/label>\t\t\t<\/p>\t\t\t\t\t\t\t<\/div>\t\t\t\t\t\t\t\t<div class=\"embed-privacy-footer\"><\/div>\t\t\t<\/div>\t\t\t\t\t\t<div class=\"embed-privacy-content\">\t\t\t\t<script>var _oembed_c3b1f5989d23cb1a3fb7c0750d1fb243 = '{\\\"embed\\\":\\\"&lt;iframe src=&quot;https:\\\\\/\\\\\/w.soundcloud.com\\\\\/player\\\\\/?url=https:\\\\\/\\\\\/api.soundcloud.com\\\\\/tracks\\\\\/58001443&amp;amp;color=#ff5500&amp;amp;auto_play=false&amp;amp;hide_related=false&amp;amp;show_comments=true&amp;amp;show_user=true&amp;amp;show_reposts=false&amp;amp;show_teaser=true&amp;amp;visual=true&quot; width=&quot;500&quot; height=&quot;150&quot; frameborder=&quot;no&quot; scrolling=&quot;no&quot; data-mce-fragment=&quot;1&quot;&gt;&lt;\\\\\/iframe&gt;\\\"}';<\/script>\t\t\t<\/div>\t\t\t\t\t\t<style>\t\t\t\t[data-embed-id=\"oembed_c3b1f5989d23cb1a3fb7c0750d1fb243\"] {\t\t\t\t\t\t\taspect-ratio: 500\/150;\t\t\t\t\t\t}.embed-soundcloud .embed-privacy-logo {\t\t\t\t\t\t\tbackground-image: url(https:\/\/gizheela.de\/web\/wp-content\/plugins\/embed-privacy\/assets\/images\/embed-soundcloud.png?v=1.8.1);\t\t\t\t\t\t}\t\t\t<\/style>\t\t<\/div><\/p>\n<p>\u00a0<\/p>\n<p><div class=\"embed-privacy-container is-disabled embed-soundcloud\" data-embed-id=\"oembed_10b9feb7acc0ff5f5e2099478bbedc88\" data-embed-provider=\"soundcloud\">\t\t\t\t\t\t<button class=\"embed-privacy-enable screen-reader-text\">Display content from SoundCloud<\/button>\t\t\t\t\t\t<div class=\"embed-privacy-overlay\">\t\t\t\t<div class=\"embed-privacy-inner\">\t\t\t\t\t<div class=\"embed-privacy-logo\"><\/div>\t\t<p>\t\tClick here to display content from SoundCloud.\t\t\t\t\t\t<br>\t\t\t\t\t\tLearn more in SoundCloud\u2019s <a href=\"https:\/\/soundcloud.com\/pages\/privacy\" target=\"_blank\">privacy policy<\/a>.\t\t<\/p>\t\t\t\t\t<p class=\"embed-privacy-input-wrapper\">\t\t\t\t<input id=\"embed-privacy-store-soundcloud-10b9feb7acc0ff5f5e2099478bbedc88\" type=\"checkbox\" value=\"1\" class=\"embed-privacy-input\" data-embed-provider=\"soundcloud\">\t\t\t\t<label for=\"embed-privacy-store-soundcloud-10b9feb7acc0ff5f5e2099478bbedc88\" class=\"embed-privacy-label\" data-embed-provider=\"soundcloud\">\t\t\t\t\tAlways display content from SoundCloud\t\t\t\t<\/label>\t\t\t<\/p>\t\t\t\t\t\t\t<\/div>\t\t\t\t\t\t\t\t<div class=\"embed-privacy-footer\"><\/div>\t\t\t<\/div>\t\t\t\t\t\t<div class=\"embed-privacy-content\">\t\t\t\t<script>var _oembed_10b9feb7acc0ff5f5e2099478bbedc88 = '{\\\"embed\\\":\\\"&lt;iframe src=&quot;https:\\\\\/\\\\\/w.soundcloud.com\\\\\/player\\\\\/?url=https:\\\\\/\\\\\/api.soundcloud.com\\\\\/tracks\\\\\/58001895&amp;amp;color=#ff5500&amp;amp;auto_play=false&amp;amp;hide_related=false&amp;amp;show_comments=true&amp;amp;show_user=true&amp;amp;show_reposts=false&amp;amp;show_teaser=true&amp;amp;visual=true&quot; width=&quot;500&quot; height=&quot;150&quot; frameborder=&quot;no&quot; scrolling=&quot;no&quot; data-mce-fragment=&quot;1&quot;&gt;&lt;\\\\\/iframe&gt;\\\"}';<\/script>\t\t\t<\/div>\t\t\t\t\t\t<style>\t\t\t\t[data-embed-id=\"oembed_10b9feb7acc0ff5f5e2099478bbedc88\"] {\t\t\t\t\t\t\taspect-ratio: 500\/150;\t\t\t\t\t\t}.embed-soundcloud .embed-privacy-logo {\t\t\t\t\t\t\tbackground-image: url(https:\/\/gizheela.de\/web\/wp-content\/plugins\/embed-privacy\/assets\/images\/embed-soundcloud.png?v=1.8.1);\t\t\t\t\t\t}\t\t\t<\/style>\t\t<\/div><\/p>\n","protected":false},"excerpt":{"rendered":"<p>Musik \u2013 Einklang \u2013 Harmonie - Transzendenz Mit improvisierten sph\u00e4rischen Loops und\u00a0 Kl\u00e4ngen von suggestiver Kraft und Leichtigkeit laden Gizheela ein zum Schweben in einem magisch meditativen Raum, wie man es sonst nur von spiritueller und ritueller Musik kennt. Gizheelas Musik in Verbindung mit abstrakter Licht- und Farb-Bildnerei ist geeignet f\u00fcr alle Kulturveranstaltungsorte, insbesondere Kirchen-, [&hellip;]<\/p>\n","protected":false},"author":2,"featured_media":0,"parent":0,"menu_order":0,"comment_status":"closed","ping_status":"closed","template":"onecolumn-page.php","meta":{"footnotes":""},"aioseo_notices":[],"_links":{"self":[{"href":"https:\/\/gizheela.de\/web\/wp-json\/wp\/v2\/pages\/1081"}],"collection":[{"href":"https:\/\/gizheela.de\/web\/wp-json\/wp\/v2\/pages"}],"about":[{"href":"https:\/\/gizheela.de\/web\/wp-json\/wp\/v2\/types\/page"}],"author":[{"embeddable":true,"href":"https:\/\/gizheela.de\/web\/wp-json\/wp\/v2\/users\/2"}],"replies":[{"embeddable":true,"href":"https:\/\/gizheela.de\/web\/wp-json\/wp\/v2\/comments?post=1081"}],"version-history":[{"count":4,"href":"https:\/\/gizheela.de\/web\/wp-json\/wp\/v2\/pages\/1081\/revisions"}],"predecessor-version":[{"id":1299,"href":"https:\/\/gizheela.de\/web\/wp-json\/wp\/v2\/pages\/1081\/revisions\/1299"}],"wp:attachment":[{"href":"https:\/\/gizheela.de\/web\/wp-json\/wp\/v2\/media?parent=1081"}],"curies":[{"name":"wp","href":"https:\/\/api.w.org\/{rel}","templated":true}]}}