{"id":1064,"date":"2012-03-20T18:26:52","date_gmt":"2012-03-20T18:26:52","guid":{"rendered":"https:\/\/gizheela.de\/web\/?page_id=1064"},"modified":"2023-01-30T21:05:23","modified_gmt":"2023-01-30T21:05:23","slug":"termine","status":"publish","type":"page","link":"https:\/\/gizheela.de\/web\/termine\/?lang=de","title":{"rendered":"Termine"},"content":{"rendered":"<h3>Kommende Konzerte<\/h3>\n<p>Derzeit sind keine Konzerte geplant.<\/p>\n<h3>Vergangene Konzerte<\/h3>\n<ul>\n<li>11. September 2021, Karslruhe, Eckkulturd\u00f6rfle, im Hof des BBK K\u00fcnstlerhauses, feat. Horst Kr\u00f6g (Percussion)<\/li>\n<li>4. November 2018, Pfaffenrot, Carl-Benz-Halle, 14 Uhr<\/li>\n<li><span class=\"description\"><span class=\"gigpress-info-item\">23.06.2018 Karlsruhe Eckkulturd\u00f6rfle Hoffest BBK 14 -18 Uhr, mit Horst Kr\u00f6g (Percussion)<\/span><\/span><\/li>\n<li>7. und 8. Juli 2017, Straubenhardt, Happiness Festival. Im Tipi von Waveney Wilcox, mit Visuals Art von <a href=\"http:\/\/www.jean-gilbert.com\" target=\"_blank\" rel=\"noopener noreferrer\">Jean-Gilbert<\/a>\u00a0 und vielen Gastmusikern<\/li>\n<li>5.+6.11.2016 Pfaffenrot, Carl-Benz Halle<\/li>\n<li>9.10.2016 Straubenhardt, Schwarzwald-Party<\/li>\n<li>25.10.2015 Solingen, Finissage der Ausstellung von <a href=\"http:\/\/www.jean-gilbert.com\" target=\"_blank\" rel=\"noopener noreferrer\">Jean-Gilbert<\/a><\/li>\n<li>09.10.2015 Solingen, Vernissage der Ausstellung von <a href=\"http:\/\/www.jean-gilbert.com\" target=\"_blank\" rel=\"noopener noreferrer\">Jean-Gilbert<\/a>.<br \/>\nCity-Art-2 Galerie, Clemensgalerien 1. Stock neben Cinemaxx, M\u00fchlenplatz 1.<\/li>\n<li>26.08.2015 Karlsruhe, \"Wasser\" K\u00fcnstlernetzwerk-SW e.V.<\/li>\n<li>01.08.2015 Eggerszell Bayern, WaldWelt Festival<\/li>\n<li>25.02.2015 Karlsruhe, \u201cFantasia\u201d\u00a0 K\u00fcnstlernetzwerk-SW e.V.<\/li>\n<li>27.12.2014 Marxzell, TSV Club Pfaffenroth<\/li>\n<li>26.03-2014 Karlsruhe, \"Krimizeit II\",\u00a0K\u00fcnstlernetzwerk-SW e.V.<\/li>\n<li>18.12.2013 Karlsruhe, \"Heiter im Winter\", K\u00fcnstlernetzwerk-SW e.V.<\/li>\n<li>30.11.2013, Karlsruhe, B\u00fccherschau, Regierungspr\u00e4sidium, 20.00 Uhr. <a title=\"November 30th 2013, Karlsruhe Buecherschau, Literatur und Klanglandschaften\" href=\"https:\/\/gizheela.de\/web\/blog\/november-30th-2013-karlsruhe-buecherschau-literatur-und-klanglandschaften\/\">Details<\/a><\/li>\n<li>27.10.2013 K\u00f6ln, <a href=\"http:\/\/www.lied-united.de\" target=\"_blank\" rel=\"noopener noreferrer\">Lied United<\/a>, Blue Shell<\/li>\n<li>3.+4.08. 2013 Eggerszell Bayern, WaldWelt Festival<\/li>\n<li>2.08.2013 Karlsruhe, Musik und Zauberei im Wald, Naturfreundehaus, <a title=\"August 2nd 2013, Karlsruhe, Musik und Zauberei im Wald \u2013 Concert Announcement\" href=\"https:\/\/gizheela.de\/web\/blog\/august-2nd-2013-karlsruhe-musik-und-zauberei-im-wald-concert-announcement\/?lang=de\" target=\"_blank\" rel=\"noopener noreferrer\">Details<\/a><\/li>\n<li>22.06.2013 K\u00f6ln, Ambient Loop Festival, St. Gertrud Kirche, <a title=\"Ambient Loop Festival June 22nd 2013 Cologne \u2013 Concert Announcement\" href=\"https:\/\/gizheela.de\/web\/blog\/ambient-loop-festival-2013-cologne\/?lang=de\">Details<\/a><\/li>\n<li>29.05.2013 Karlsruhe, Lesung, \"Liebe in Bild und Wort\", K\u00fcnstlernetzwerk-SW e.V.<\/li>\n<li>25.05.2013 Spiritainment Festival, Yoga\/Ayurveda Festival, Gut Haarbecke, 58566 Kierspe-R\u00f6nsahl<\/li>\n<li>1. 12.2012, Karlsruhe, Flammoraunt<\/li>\n<li>17. 11. 2012, K\u00f6ln, Friedensfest, Kulturbunker M\u00fclheim www.friedensarten.de<\/li>\n<li>3.11.2012, K\u00f6ln, Lange Nacht der Museen, Kunstwerk Atelier \u00d6, <a title=\"Concert: November 3rd 2012, Cologne, Lange Nacht der Museen\" href=\"https:\/\/gizheela.de\/web\/blog\/concert-november-3rd-2012-cologne-lange-nacht-der-museen\/?lang=de\">Details<\/a><\/li>\n<li>14.9.2012 Bilfingen, Herberts Sonne, special guests: Horst Kr\u00f6g (cajon), Abdallah Byaah (dabouka, bendir), 21 Uhr, 6\u20ac, <a title=\"Concert with visuals, Gizheela \u2018n Friends, Sept 14th 2012, Bilfingen, Herberts Sonne\" href=\"https:\/\/gizheela.de\/web\/blog\/concert-with-visuals-gizheela-n-friends-sept-14th-2012-bilfingen-herberts-sonne\/?lang=de\">Details<\/a><\/li>\n<li>4. August 2012 Eggerszell (Bayern), Waldwelt Festival Open Air<\/li>\n<li>23. Juni 2012 K\u00f6ln, St. Gertrud Kirche K-Nippes, Live Looping Festival <a title=\"June 23rd, Cologne, Concert Announcement\" href=\"https:\/\/gizheela.de\/web\/blog\/june-23rd-cologne-concert-announcement\/?lang=de\">Details<\/a> | <a title=\"Concert Video of Loop Festival Cologne, June 23rd 2012, St. Gertrud Church\" href=\"https:\/\/gizheela.de\/web\/blog\/concert-video-of-loop-festival-cologne-june-23rd-2012-st-gertrud-church\/?lang=de\">Video<\/a><\/li>\n<li>16. April 2012, Karlsruhe, Hanne-Landgraf-Haus, <a title=\"16. April 2012, Konzert in Karlsruhe\" href=\"https:\/\/gizheela.de\/web\/blog\/april-16th-2012-concert-in-karlsruhe\/?lang=de\">Details<\/a><\/li>\n<li>Open Air 14\/15 April 2012, ausgefallen wg schlechten Wetters, sorry!<\/li>\n<\/ul>\n","protected":false},"excerpt":{"rendered":"<p>Kommende Konzerte Derzeit sind keine Konzerte geplant. Vergangene Konzerte 11. September 2021, Karslruhe, Eckkulturd\u00f6rfle, im Hof des BBK K\u00fcnstlerhauses, feat. Horst Kr\u00f6g (Percussion) 4. November 2018, Pfaffenrot, Carl-Benz-Halle, 14 Uhr 23.06.2018 Karlsruhe Eckkulturd\u00f6rfle Hoffest BBK 14 -18 Uhr, mit Horst Kr\u00f6g (Percussion) 7. und 8. Juli 2017, Straubenhardt, Happiness Festival. Im Tipi von Waveney Wilcox, [&hellip;]<\/p>\n","protected":false},"author":2,"featured_media":0,"parent":0,"menu_order":0,"comment_status":"closed","ping_status":"closed","template":"onecolumn-page.php","meta":{"footnotes":""},"aioseo_notices":[],"_links":{"self":[{"href":"https:\/\/gizheela.de\/web\/wp-json\/wp\/v2\/pages\/1064"}],"collection":[{"href":"https:\/\/gizheela.de\/web\/wp-json\/wp\/v2\/pages"}],"about":[{"href":"https:\/\/gizheela.de\/web\/wp-json\/wp\/v2\/types\/page"}],"author":[{"embeddable":true,"href":"https:\/\/gizheela.de\/web\/wp-json\/wp\/v2\/users\/2"}],"replies":[{"embeddable":true,"href":"https:\/\/gizheela.de\/web\/wp-json\/wp\/v2\/comments?post=1064"}],"version-history":[{"count":3,"href":"https:\/\/gizheela.de\/web\/wp-json\/wp\/v2\/pages\/1064\/revisions"}],"predecessor-version":[{"id":1112,"href":"https:\/\/gizheela.de\/web\/wp-json\/wp\/v2\/pages\/1064\/revisions\/1112"}],"wp:attachment":[{"href":"https:\/\/gizheela.de\/web\/wp-json\/wp\/v2\/media?parent=1064"}],"curies":[{"name":"wp","href":"https:\/\/api.w.org\/{rel}","templated":true}]}}